{"id":220,"date":"2017-01-23T22:20:18","date_gmt":"2017-01-23T22:20:18","guid":{"rendered":"http:\/\/iuakatemia.fi\/?page_id=220"},"modified":"2026-01-15T18:16:41","modified_gmt":"2026-01-15T16:16:41","slug":"svenska-hakeminen-urheiluakatemiaan","status":"publish","type":"page","link":"https:\/\/iuakatemia.fi\/sv\/urheilijalle\/svenska-hakeminen-urheiluakatemiaan\/","title":{"rendered":"Ans\u00f6kan till Idrottsakademin"},"content":{"rendered":"<strong>B\u00e4sta idrottare och v\u00e5rdnadshavare,<\/strong><\/p>\n<p>Ans\u00f6kningsperioden f\u00f6r \u00d6stra Nylands Idrottsakademi n\u00e4rmar sig! Ans\u00f6kningstiden \u00e4r <strong>17.2\u201317.3.2026<\/strong>, och ans\u00f6kan sker via <strong>SuomiSport<\/strong>. Om du \u00e4r intresserad av att ans\u00f6ka till idrottsakademin efter ans\u00f6kningstiden, v\u00e4nligen kontakta koordinator Sanna T\u00f6rnroos p\u00e5 <a rel=\"noopener\" data-start=\"127\" data-end=\"155\">sanna.tornroos@iuakatemia.fi<\/a> eller tel. 050 4677 976.<\/p>\n<p>Akademin delar upp idrottarna i tre niv\u00e5er baserat p\u00e5 deras f\u00e4rdigheter och utvecklingsbehov:<\/p>\n<p><strong>Niv\u00e5 I<\/strong><\/p>\n<p>\u2714 <strong>F\u00f6r vem:<\/strong> Idrottare med h\u00f6g prestation som t\u00e4vlar p\u00e5 nationell eller internationell niv\u00e5.<br \/>\n\u2714 <strong>M\u00e5l:<\/strong> Att utveckla idrottarens specifika f\u00e4rdigheter och tr\u00e4na p\u00e5 h\u00f6gsta niv\u00e5 samtidigt som utbildningen st\u00f6ds.<br \/>\n\u2714 <strong>F\u00f6rm\u00e5ner:<\/strong><\/p>\n<ul>\n<li>Tillg\u00e5ng till alla akademins tr\u00e4ningar<\/li>\n<li>M\u00f6jlighet att f\u00e5 ers\u00e4ttning f\u00f6r bland annat massage<\/li>\n<li>Akademins f\u00f6rel\u00e4sningar och evenemang<\/li>\n<li>Morgontr\u00e4ningar kan ge kurspo\u00e4ng<br \/>\n\u2714 <strong>Pris:<\/strong> 275 \u20ac<\/li>\n<\/ul>\n<p><strong>Niv\u00e5 II<\/strong><\/p>\n<p>\u2714 <strong>F\u00f6r vem:<\/strong> Idrottare med stor potential som t\u00e4vlar p\u00e5 regional eller nationell niv\u00e5.<br \/>\n\u2714 <strong>M\u00e5l:<\/strong> Att erbjuda kvalitativ tr\u00e4ning som st\u00f6der \u00f6verg\u00e5ngen mot Niv\u00e5 I.<br \/>\n\u2714 <strong>F\u00f6rm\u00e5ner:<\/strong><\/p>\n<ul>\n<li>Tillg\u00e5ng till alla akademins tr\u00e4ningar<\/li>\n<li>Akademins f\u00f6rel\u00e4sningar och evenemang<\/li>\n<li>Morgontr\u00e4ningar kan ge kurspo\u00e4ng<br \/>\n\u2714 <strong>Pris:<\/strong> 225 \u20ac<\/li>\n<\/ul>\n<p><strong>Niv\u00e5 III<\/strong><\/p>\n<p>\u2714 <strong>F\u00f6r vem:<\/strong> Idrottare som vill utveckla sina f\u00e4rdigheter och t\u00e4vlar p\u00e5 lokal eller regional niv\u00e5.<br \/>\n\u2714 <strong>M\u00e5l:<\/strong> Att erbjuda grundl\u00e4ggande tr\u00e4ning och helhetsst\u00f6d f\u00f6r idrottarens utveckling.<br \/>\n\u2714 <strong>F\u00f6rm\u00e5ner:<\/strong><\/p>\n<ul>\n<li>Tillg\u00e5ng till morgontr\u00e4ningar p\u00e5 onsdagar och fredagar<\/li>\n<li>Akademins f\u00f6rel\u00e4sningar och evenemang<\/li>\n<li>Morgontr\u00e4ningar kan ge kurspo\u00e4ng<br \/>\n\u2714 <strong>Pris:<\/strong> 175 \u20ac<\/li>\n<\/ul>\n<p><strong>Obs!<\/strong> Om du \u00e4r os\u00e4ker p\u00e5 om du ska v\u00e4lja mellan Niv\u00e5 II och III, beror det p\u00e5 hur ofta du vill tr\u00e4na. Om en idrottare skulle tillh\u00f6ra Niv\u00e5 III men vill tr\u00e4na tre g\u00e5nger i veckan, rekommenderas Niv\u00e5 II.<\/p>\n<p>&nbsp;<\/p>\n<p>&nbsp;<\/p>\n<p><strong>Ans\u00f6kan via SuomiSport<\/strong><\/p>\n<p>\u00d6stra Nylands Idrottsakademi anv\u00e4nder <strong>SuomiSport-tj\u00e4nsten<\/strong>, som underl\u00e4ttar idrottarnas vardag och st\u00f6der effektiv kommunikation. SuomiSport \u00e4r ett elektroniskt system som drivs av Finlands Olympiska Kommitt\u00e9 och fungerar som ett verktyg f\u00f6r idrottsf\u00f6reningar, tr\u00e4nare, idrottare och deras v\u00e5rdnadshavare.<\/p>\n<p><strong>S\u00e5 h\u00e4r g\u00f6r du:<\/strong><\/p>\n<p>\ud83d\udccc <strong>V\u00e5rdnadshavare, registrera dig p\u00e5 SuomiSport<\/strong><br \/>\nLadda ner <strong>SuomiSport-appen<\/strong> eller anv\u00e4nd tj\u00e4nsten via webbl\u00e4saren p\u00e5 <a href=\"https:\/\/www.suomisport.fi\">www.suomisport.fi<\/a>. Registrera dig med ditt telefonnummer och l\u00e4gg till idrottaren p\u00e5 ditt konto. Idrottaren m\u00e5ste ocks\u00e5 ha ett konto.<\/p>\n<p>\ud83d\udccc <strong>Kontrollera uppgifterna<\/strong><br \/>\nSe till att idrottarens uppgifter \u00e4r aktuella.<\/p>\n<p>\ud83d\udccc <strong>Anm\u00e4lan till akademin<\/strong><br \/>\nEfter att ha skapat konton, anm\u00e4ler sig idrottarna via denna l\u00e4nk:<br \/>\n\ud83d\udc49\u00a0<a href=\"https:\/\/www.suomisport.fi\/events\/0832f68e-97e4-4897-b49f-9ba82614f555\">https:\/\/www.suomisport.fi\/events\/0832f68e-97e4-4897-b49f-9ba82614f555<\/a><\/p>\n<p>\ud83d\udccc <strong>Anm\u00e4lan till tr\u00e4ningar<\/strong><br \/>\nAnm\u00e4l dig till tr\u00e4ningar och evenemang enkelt via <strong>SuomiSport<\/strong> (app eller webbl\u00e4sare).<\/p>\n<p>\ud83d\udccc <strong>Fakturering<\/strong><br \/>\n\u00c5rsavgiften f\u00f6r akademin faktureras via <strong>SuomiSport<\/strong>, och fakturan syns direkt i tj\u00e4nsten.<\/p>\n<p>\ud83d\udccc <strong>Beh\u00f6ver du hj\u00e4lp med SuomiSport?<\/strong><br \/>\nTveka inte att kontakta akademins koordinator om du beh\u00f6ver ytterligare instruktioner. Du kan ocks\u00e5 f\u00e5 hj\u00e4lp genom SuomiSport:s support: suomisport@olympiakomitea.fi<\/p>\n<p><strong>Opintopisteet (Studiepo\u00e4ng)<\/strong><\/p>\n<p>Idrottare kan fr\u00e5ga sina skolors studiehandledare om <strong>po\u00e4ngsamling<\/strong>. Praxis kan variera beroende p\u00e5 skola.<\/p>\n<p>&nbsp;<\/p>\n<p><strong>V\u00e4nliga h\u00e4lsningar,<\/strong><br \/>\n<strong>Sanna T\u00f6rnroos<\/strong><br \/>\n\u00d6stra Nylands Idrottsakademi<br \/>\n\ud83d\udcde 050 467 7976<br \/>\n\ud83d\udce7 sanna.tornroos@iuakatemia.fi<\/p>\n<p>&nbsp;","protected":false},"excerpt":{"rendered":"<p>B\u00e4sta idrottare och v\u00e5rdnadshavare, Ans\u00f6kningsperioden f\u00f6r \u00d6stra Nylands Idrottsakademi n\u00e4rmar sig! Ans\u00f6kningstiden \u00e4r 17.2\u201317.3.2026, och ans\u00f6kan sker via SuomiSport. Om du \u00e4r intresserad av att ans\u00f6ka till idrottsakademin efter ans\u00f6kningstiden, v\u00e4nligen kontakta koordinator Sanna T\u00f6rnroos p\u00e5 sanna.tornroos@iuakatemia.fi eller tel. 050 4677 976. Akademin delar upp idrottarna i tre niv\u00e5er baserat p\u00e5 deras f\u00e4rdigheter och utvecklingsbehov: <a href=\"https:\/\/iuakatemia.fi\/sv\/urheilijalle\/svenska-hakeminen-urheiluakatemiaan\/\" rel=\"nofollow\"><span class=\"sr-only\">L\u00e4s mer om Ans\u00f6kan till Idrottsakademin<\/span>[&#8230;]<\/a><\/p>\n","protected":false},"author":1,"featured_media":0,"parent":194,"menu_order":0,"comment_status":"closed","ping_status":"closed","template":"template-fullwidth.php","meta":{"footnotes":""},"class_list":["post-220","page","type-page","status-publish","hentry"],"_links":{"self":[{"href":"https:\/\/iuakatemia.fi\/sv\/wp-json\/wp\/v2\/pages\/220","targetHints":{"allow":["GET"]}}],"collection":[{"href":"https:\/\/iuakatemia.fi\/sv\/wp-json\/wp\/v2\/pages"}],"about":[{"href":"https:\/\/iuakatemia.fi\/sv\/wp-json\/wp\/v2\/types\/page"}],"author":[{"embeddable":true,"href":"https:\/\/iuakatemia.fi\/sv\/wp-json\/wp\/v2\/users\/1"}],"replies":[{"embeddable":true,"href":"https:\/\/iuakatemia.fi\/sv\/wp-json\/wp\/v2\/comments?post=220"}],"version-history":[{"count":5,"href":"https:\/\/iuakatemia.fi\/sv\/wp-json\/wp\/v2\/pages\/220\/revisions"}],"predecessor-version":[{"id":2179,"href":"https:\/\/iuakatemia.fi\/sv\/wp-json\/wp\/v2\/pages\/220\/revisions\/2179"}],"up":[{"embeddable":true,"href":"https:\/\/iuakatemia.fi\/sv\/wp-json\/wp\/v2\/pages\/194"}],"wp:attachment":[{"href":"https:\/\/iuakatemia.fi\/sv\/wp-json\/wp\/v2\/media?parent=220"}],"curies":[{"name":"wp","href":"https:\/\/api.w.org\/{rel}","templated":true}]}}