{"id":2152,"date":"2025-04-01T15:12:30","date_gmt":"2025-04-01T12:12:30","guid":{"rendered":"https:\/\/iuakatemia.fi\/?page_id=2152"},"modified":"2025-04-01T15:12:30","modified_gmt":"2025-04-01T12:12:30","slug":"urheiluakatemian-edut-tason-i-urheilijoille","status":"publish","type":"page","link":"https:\/\/iuakatemia.fi\/sv\/urheiluakatemian-edut-tason-i-urheilijoille\/","title":{"rendered":"Urheiluakatemian f\u00f6rm\u00e5ner f\u00f6r idrottare p\u00e5 niv\u00e5 I"},"content":{"rendered":"<p class=\"\" data-start=\"0\" data-end=\"54\"><strong data-start=\"0\" data-end=\"54\">Urheiluakatemians f\u00f6rm\u00e5ner f\u00f6r idrottare p\u00e5 niv\u00e5 I<\/strong><\/p>\n<p class=\"\" data-start=\"56\" data-end=\"201\"><strong data-start=\"56\" data-end=\"79\">Massagebehandlingar<\/strong><br data-start=\"79\" data-end=\"82\" \/>Idrottare kan g\u00e5 till en valfri mass\u00f6r <strong data-start=\"121\" data-end=\"134\" data-is-only-node=\"\">10 g\u00e5nger<\/strong>. F\u00f6r varje bes\u00f6k f\u00e5r idrottaren ers\u00e4ttning p\u00e5 <strong data-start=\"181\" data-end=\"200\">40 \u20ac mot kvitto<\/strong>.<\/p>\n<p class=\"\" data-start=\"203\" data-end=\"286\"><strong data-start=\"203\" data-end=\"222\">Idrottspsykolog<\/strong><br data-start=\"222\" data-end=\"225\" \/>Idrottare har r\u00e4tt till <strong data-start=\"249\" data-end=\"285\" data-is-only-node=\"\">tv\u00e5 m\u00f6ten med en idrottspsykolog<\/strong>.<\/p>","protected":false},"excerpt":{"rendered":"<p>Urheiluakatemians f\u00f6rm\u00e5ner f\u00f6r idrottare p\u00e5 niv\u00e5 I MassagebehandlingarIdrottare kan g\u00e5 till en valfri mass\u00f6r 10 g\u00e5nger. F\u00f6r varje bes\u00f6k f\u00e5r idrottaren ers\u00e4ttning p\u00e5 40 \u20ac mot kvitto. IdrottspsykologIdrottare har r\u00e4tt till tv\u00e5 m\u00f6ten med en idrottspsykolog.<\/p>\n","protected":false},"author":2,"featured_media":0,"parent":0,"menu_order":0,"comment_status":"closed","ping_status":"closed","template":"","meta":{"footnotes":""},"class_list":["post-2152","page","type-page","status-publish","hentry"],"_links":{"self":[{"href":"https:\/\/iuakatemia.fi\/sv\/wp-json\/wp\/v2\/pages\/2152","targetHints":{"allow":["GET"]}}],"collection":[{"href":"https:\/\/iuakatemia.fi\/sv\/wp-json\/wp\/v2\/pages"}],"about":[{"href":"https:\/\/iuakatemia.fi\/sv\/wp-json\/wp\/v2\/types\/page"}],"author":[{"embeddable":true,"href":"https:\/\/iuakatemia.fi\/sv\/wp-json\/wp\/v2\/users\/2"}],"replies":[{"embeddable":true,"href":"https:\/\/iuakatemia.fi\/sv\/wp-json\/wp\/v2\/comments?post=2152"}],"version-history":[{"count":1,"href":"https:\/\/iuakatemia.fi\/sv\/wp-json\/wp\/v2\/pages\/2152\/revisions"}],"predecessor-version":[{"id":2153,"href":"https:\/\/iuakatemia.fi\/sv\/wp-json\/wp\/v2\/pages\/2152\/revisions\/2153"}],"wp:attachment":[{"href":"https:\/\/iuakatemia.fi\/sv\/wp-json\/wp\/v2\/media?parent=2152"}],"curies":[{"name":"wp","href":"https:\/\/api.w.org\/{rel}","templated":true}]}}