{"id":2147,"date":"2025-03-27T16:43:07","date_gmt":"2025-03-27T14:43:07","guid":{"rendered":"https:\/\/iuakatemia.fi\/?page_id=2147"},"modified":"2025-03-27T16:43:07","modified_gmt":"2025-03-27T14:43:07","slug":"yhteystiedot-2","status":"publish","type":"page","link":"https:\/\/iuakatemia.fi\/sv\/yhteystiedot-2\/","title":{"rendered":"Kontaktuppgifter"},"content":{"rendered":"<h3 class=\"\" data-start=\"39\" data-end=\"79\"><strong data-start=\"43\" data-end=\"77\">Idrottsakademin i \u00d6stra Nyland<\/strong><\/h3>\n<p class=\"\" data-start=\"80\" data-end=\"137\"><strong data-start=\"80\" data-end=\"96\">Koordinator:<\/strong><br data-start=\"96\" data-end=\"99\" \/>Sanna T\u00f6rnroos<br data-start=\"113\" data-end=\"116\" \/>Telefon: 050 4677 976<\/p>\n<p class=\"\" data-start=\"139\" data-end=\"208\"><strong data-start=\"139\" data-end=\"165\">Styrelsens ordf\u00f6rande:<\/strong><br data-start=\"165\" data-end=\"168\" \/>Esa M\u00e4ki-Tulokas<br data-start=\"184\" data-end=\"187\" \/>Telefon: 0400 736 407<\/p>","protected":false},"excerpt":{"rendered":"<p>Idrottsakademin i \u00d6stra Nyland Koordinator:Sanna T\u00f6rnroosTelefon: 050 4677 976 Styrelsens ordf\u00f6rande:Esa M\u00e4ki-TulokasTelefon: 0400 736 407<\/p>\n","protected":false},"author":2,"featured_media":0,"parent":0,"menu_order":0,"comment_status":"closed","ping_status":"closed","template":"","meta":{"footnotes":""},"class_list":["post-2147","page","type-page","status-publish","hentry"],"_links":{"self":[{"href":"https:\/\/iuakatemia.fi\/sv\/wp-json\/wp\/v2\/pages\/2147","targetHints":{"allow":["GET"]}}],"collection":[{"href":"https:\/\/iuakatemia.fi\/sv\/wp-json\/wp\/v2\/pages"}],"about":[{"href":"https:\/\/iuakatemia.fi\/sv\/wp-json\/wp\/v2\/types\/page"}],"author":[{"embeddable":true,"href":"https:\/\/iuakatemia.fi\/sv\/wp-json\/wp\/v2\/users\/2"}],"replies":[{"embeddable":true,"href":"https:\/\/iuakatemia.fi\/sv\/wp-json\/wp\/v2\/comments?post=2147"}],"version-history":[{"count":1,"href":"https:\/\/iuakatemia.fi\/sv\/wp-json\/wp\/v2\/pages\/2147\/revisions"}],"predecessor-version":[{"id":2148,"href":"https:\/\/iuakatemia.fi\/sv\/wp-json\/wp\/v2\/pages\/2147\/revisions\/2148"}],"wp:attachment":[{"href":"https:\/\/iuakatemia.fi\/sv\/wp-json\/wp\/v2\/media?parent=2147"}],"curies":[{"name":"wp","href":"https:\/\/api.w.org\/{rel}","templated":true}]}}