{"id":2140,"date":"2025-03-27T16:19:51","date_gmt":"2025-03-27T14:19:51","guid":{"rendered":"https:\/\/iuakatemia.fi\/?page_id=2140"},"modified":"2025-03-27T16:19:51","modified_gmt":"2025-03-27T14:19:51","slug":"laakarikeskus-fenix","status":"publish","type":"page","link":"https:\/\/iuakatemia.fi\/sv\/laakarikeskus-fenix\/","title":{"rendered":"L\u00e4karcentral Fenix"},"content":{"rendered":"<p class=\"\" data-start=\"33\" data-end=\"85\"><strong data-start=\"33\" data-end=\"85\">L\u00e4karmottagning Fenix &#8211; Samarbete f\u00f6r idrottare!<\/strong><\/p>\n<p class=\"\" data-start=\"87\" data-end=\"150\">L\u00e4karmottagning Fenix erbjuder utm\u00e4rkta tj\u00e4nster f\u00f6r idrottare:<\/p>\n<p class=\"\" data-start=\"152\" data-end=\"210\"><strong data-start=\"152\" data-end=\"186\">Laboratoriepaket f\u00f6r idrottare<\/strong><br data-start=\"186\" data-end=\"189\" \/>Paketet inkluderar:<\/p>\n<ul data-start=\"211\" data-end=\"245\">\n<li class=\"\" data-start=\"211\" data-end=\"218\">\n<p class=\"\" data-start=\"213\" data-end=\"218\">EKG<\/p>\n<\/li>\n<li class=\"\" data-start=\"219\" data-end=\"234\">\n<p class=\"\" data-start=\"221\" data-end=\"234\">Basblodprov<\/p>\n<\/li>\n<li class=\"\" data-start=\"235\" data-end=\"245\">\n<p class=\"\" data-start=\"237\" data-end=\"245\">Ferritin<\/p>\n<\/li>\n<\/ul>\n<p class=\"\" data-start=\"247\" data-end=\"268\">Pris endast <strong data-start=\"259\" data-end=\"267\">80 \u20ac<\/strong>.<\/p>\n<p class=\"\" data-start=\"270\" data-end=\"353\"><strong data-start=\"270\" data-end=\"303\">L\u00e4kartj\u00e4nst f\u00f6r h\u00e4lsokontroll<\/strong> ocks\u00e5 tillg\u00e4nglig f\u00f6r <strong data-start=\"326\" data-end=\"334\">80 \u20ac<\/strong> + kontorsavgifter.<\/p>\n<p class=\"\" data-start=\"355\" data-end=\"406\">L\u00e4kare f\u00f6r akademins idrottare \u00e4r <strong data-start=\"389\" data-end=\"405\">Iiro V\u00e4im\u00e4ki<\/strong>.<\/p>\n<p class=\"\" data-start=\"408\" data-end=\"496\">V\u00e4lkomna till L\u00e4karmottagning Fenix, d\u00e4r vi tar hand om idrottarnas h\u00e4lsa och v\u00e4lm\u00e5ende!<\/p>\n<p class=\"\" data-start=\"498\" data-end=\"523\"><strong data-start=\"498\" data-end=\"523\">Kontaktuppgifter, <a href=\"https:\/\/www.laakarikeskusfenix.fi\/Home\">Framsida<\/a><\/strong><\/p>","protected":false},"excerpt":{"rendered":"<p>L\u00e4karmottagning Fenix &#8211; Samarbete f\u00f6r idrottare! L\u00e4karmottagning Fenix erbjuder utm\u00e4rkta tj\u00e4nster f\u00f6r idrottare: Laboratoriepaket f\u00f6r idrottarePaketet inkluderar: EKG Basblodprov Ferritin Pris endast 80 \u20ac. L\u00e4kartj\u00e4nst f\u00f6r h\u00e4lsokontroll ocks\u00e5 tillg\u00e4nglig f\u00f6r 80 \u20ac + kontorsavgifter. L\u00e4kare f\u00f6r akademins idrottare \u00e4r Iiro V\u00e4im\u00e4ki. V\u00e4lkomna till L\u00e4karmottagning Fenix, d\u00e4r vi tar hand om idrottarnas h\u00e4lsa och v\u00e4lm\u00e5ende! Kontaktuppgifter, <a href=\"https:\/\/iuakatemia.fi\/sv\/laakarikeskus-fenix\/\" rel=\"nofollow\"><span class=\"sr-only\">L\u00e4s mer om L\u00e4karcentral Fenix<\/span>[&#8230;]<\/a><\/p>\n","protected":false},"author":2,"featured_media":0,"parent":0,"menu_order":0,"comment_status":"closed","ping_status":"closed","template":"","meta":{"footnotes":""},"class_list":["post-2140","page","type-page","status-publish","hentry"],"_links":{"self":[{"href":"https:\/\/iuakatemia.fi\/sv\/wp-json\/wp\/v2\/pages\/2140","targetHints":{"allow":["GET"]}}],"collection":[{"href":"https:\/\/iuakatemia.fi\/sv\/wp-json\/wp\/v2\/pages"}],"about":[{"href":"https:\/\/iuakatemia.fi\/sv\/wp-json\/wp\/v2\/types\/page"}],"author":[{"embeddable":true,"href":"https:\/\/iuakatemia.fi\/sv\/wp-json\/wp\/v2\/users\/2"}],"replies":[{"embeddable":true,"href":"https:\/\/iuakatemia.fi\/sv\/wp-json\/wp\/v2\/comments?post=2140"}],"version-history":[{"count":1,"href":"https:\/\/iuakatemia.fi\/sv\/wp-json\/wp\/v2\/pages\/2140\/revisions"}],"predecessor-version":[{"id":2141,"href":"https:\/\/iuakatemia.fi\/sv\/wp-json\/wp\/v2\/pages\/2140\/revisions\/2141"}],"wp:attachment":[{"href":"https:\/\/iuakatemia.fi\/sv\/wp-json\/wp\/v2\/media?parent=2140"}],"curies":[{"name":"wp","href":"https:\/\/api.w.org\/{rel}","templated":true}]}}