{"id":2135,"date":"2025-03-27T16:11:33","date_gmt":"2025-03-27T14:11:33","guid":{"rendered":"https:\/\/iuakatemia.fi\/?page_id=2135"},"modified":"2025-03-27T16:22:28","modified_gmt":"2025-03-27T14:22:28","slug":"fysioterapia-omt-porvoo","status":"publish","type":"page","link":"https:\/\/iuakatemia.fi\/sv\/fysioterapia-omt-porvoo\/","title":{"rendered":"Fysioterapi OMT Borg\u00e5"},"content":{"rendered":"<p class=\"\" data-start=\"43\" data-end=\"86\"><strong data-start=\"43\" data-end=\"86\">OMT Fysioterapi f\u00f6r akademins idrottare<\/strong><\/p>\n<p class=\"\" data-start=\"88\" data-end=\"255\">F\u00f6r niv\u00e5 1-idrottare erbjuder vi en gratis behandling, och efter det f\u00e5r de 25% rabatt p\u00e5 behandlingar.<br data-start=\"191\" data-end=\"194\" \/>F\u00f6r niv\u00e5 2 och 3-idrottare \u00e4r rabatten 25% p\u00e5 behandlingarna.<\/p>\n<p class=\"\" data-start=\"257\" data-end=\"345\">Som exempel kostar en 45-minuters OMT-fysioterapi med 25% rabatt 49 \u20ac (normalpris 65 \u20ac).<\/p>\n<p class=\"\" data-start=\"347\" data-end=\"754\">V\u00e5ra tj\u00e4nster inkluderar f\u00f6rutom OMT-fysioterapi och massage \u00e4ven LPG-behandlingar, och i v\u00e5ra lokaler finns en funktionell tr\u00e4ningsyta p\u00e5 80 kvadratmeter som kan hyras f\u00f6r privat bruk, idrottsf\u00f6reningar, sm\u00e5grupper eller f\u00f6r egen tr\u00e4ning. Hyran f\u00f6r hela tr\u00e4ningsytan \u00e4r 15 \u20ac per timme + moms. (Priset \u00e4r oberoende av antalet tr\u00e4nande, s\u00e5 hela ytan kan hyras f\u00f6r privat- eller grupptr\u00e4ning till samma pris).<\/p>\n<p class=\"\" data-start=\"756\" data-end=\"765\"><strong>V\u00e4lkomna!<\/strong><\/p>\n<p data-start=\"756\" data-end=\"765\">Kontaktuppgifter, <a href=\"https:\/\/fomt.fi\/\">Etusivu &#8211; Fysioterapia OMT Porvoo<\/a><\/p>","protected":false},"excerpt":{"rendered":"<p>OMT Fysioterapi f\u00f6r akademins idrottare F\u00f6r niv\u00e5 1-idrottare erbjuder vi en gratis behandling, och efter det f\u00e5r de 25% rabatt p\u00e5 behandlingar.F\u00f6r niv\u00e5 2 och 3-idrottare \u00e4r rabatten 25% p\u00e5 behandlingarna. Som exempel kostar en 45-minuters OMT-fysioterapi med 25% rabatt 49 \u20ac (normalpris 65 \u20ac). V\u00e5ra tj\u00e4nster inkluderar f\u00f6rutom OMT-fysioterapi och massage \u00e4ven LPG-behandlingar, och <a href=\"https:\/\/iuakatemia.fi\/sv\/fysioterapia-omt-porvoo\/\" rel=\"nofollow\"><span class=\"sr-only\">L\u00e4s mer om Fysioterapi OMT Borg\u00e5<\/span>[&#8230;]<\/a><\/p>\n","protected":false},"author":2,"featured_media":0,"parent":0,"menu_order":0,"comment_status":"closed","ping_status":"closed","template":"","meta":{"footnotes":""},"class_list":["post-2135","page","type-page","status-publish","hentry"],"_links":{"self":[{"href":"https:\/\/iuakatemia.fi\/sv\/wp-json\/wp\/v2\/pages\/2135","targetHints":{"allow":["GET"]}}],"collection":[{"href":"https:\/\/iuakatemia.fi\/sv\/wp-json\/wp\/v2\/pages"}],"about":[{"href":"https:\/\/iuakatemia.fi\/sv\/wp-json\/wp\/v2\/types\/page"}],"author":[{"embeddable":true,"href":"https:\/\/iuakatemia.fi\/sv\/wp-json\/wp\/v2\/users\/2"}],"replies":[{"embeddable":true,"href":"https:\/\/iuakatemia.fi\/sv\/wp-json\/wp\/v2\/comments?post=2135"}],"version-history":[{"count":2,"href":"https:\/\/iuakatemia.fi\/sv\/wp-json\/wp\/v2\/pages\/2135\/revisions"}],"predecessor-version":[{"id":2143,"href":"https:\/\/iuakatemia.fi\/sv\/wp-json\/wp\/v2\/pages\/2135\/revisions\/2143"}],"wp:attachment":[{"href":"https:\/\/iuakatemia.fi\/sv\/wp-json\/wp\/v2\/media?parent=2135"}],"curies":[{"name":"wp","href":"https:\/\/api.w.org\/{rel}","templated":true}]}}