{"id":2131,"date":"2025-03-27T15:26:55","date_gmt":"2025-03-27T13:26:55","guid":{"rendered":"https:\/\/iuakatemia.fi\/?page_id=2131"},"modified":"2025-03-27T16:32:48","modified_gmt":"2025-03-27T14:32:48","slug":"rekisteriseloste","status":"publish","type":"page","link":"https:\/\/iuakatemia.fi\/sv\/rekisteriseloste\/","title":{"rendered":"Registerbeskrivning"},"content":{"rendered":"<p class=\"\" data-start=\"34\" data-end=\"91\"><strong data-start=\"34\" data-end=\"91\">REGISTERBESKRIVNING F\u00d6R BEHANDLING AV PERSONUPPGIFTER<\/strong><\/p>\n<ol data-start=\"93\" data-end=\"1385\">\n<li class=\"\" data-start=\"93\" data-end=\"198\">\n<p class=\"\" data-start=\"96\" data-end=\"198\"><strong data-start=\"96\" data-end=\"121\">Registreringsansvarig<\/strong><br data-start=\"121\" data-end=\"124\" \/>Namn: \u00d6stra Nylands Idrottsakademi<br data-start=\"158\" data-end=\"161\" \/>Adress: Sannaistenkatu 8, 06100 Borg\u00e5<\/p>\n<\/li>\n<li class=\"\" data-start=\"200\" data-end=\"359\">\n<p class=\"\" data-start=\"203\" data-end=\"359\"><strong data-start=\"203\" data-end=\"244\">Kontaktperson f\u00f6r registreringsfr\u00e5gor<\/strong><br data-start=\"244\" data-end=\"247\" \/>Namn: Sanna T\u00f6rnroos, <a rel=\"noopener\" data-start=\"269\" data-end=\"297\">sanna.tornroos@iuakatemia.fi<\/a><br data-start=\"297\" data-end=\"300\" \/>Webbplats: <a class=\"\" href=\"https:\/\/iuakatemia.fi\/\" target=\"_new\" rel=\"noopener\" data-start=\"311\" data-end=\"359\">https:\/\/iuakatemia.fi\/<\/a><\/p>\n<\/li>\n<li class=\"\" data-start=\"361\" data-end=\"691\">\n<p class=\"\" data-start=\"364\" data-end=\"691\"><strong data-start=\"364\" data-end=\"388\">Registreringens namn<\/strong><br data-start=\"388\" data-end=\"391\" \/>Suomisport-tj\u00e4nstens \u00d6stra Nylands Idrottsakademis egna register.<br data-start=\"456\" data-end=\"459\" \/>Denna integritetspolicy g\u00e4ller Suomisport-tj\u00e4nsten och den information om Sportkonton som behandlas av f\u00f6reningen. Denna integritetspolicy beskriver hur f\u00f6reningen behandlar personuppgifter f\u00f6r Sportkonton som registrerade personer.<\/p>\n<\/li>\n<li class=\"\" data-start=\"693\" data-end=\"1385\">\n<p class=\"\" data-start=\"696\" data-end=\"1385\"><strong data-start=\"696\" data-end=\"727\">Registreringens beskrivning<\/strong><br data-start=\"727\" data-end=\"730\" \/>Suomisport \u00e4r en gemensam idrotts- och motionsservice fr\u00e5n Finlands Olympiska Kommitt\u00e9 och den finl\u00e4ndska idrottsgemenskapen. En person skapar sitt eget konto, Sportkonto, p\u00e5 Suomisport-tj\u00e4nsten. Med Sportkontot kan anv\u00e4ndaren anv\u00e4nda tj\u00e4nster och hantera sina uppgifter enligt principen &#8221;My Data&#8221;.<br data-start=\"1028\" data-end=\"1031\" \/>Genom att anv\u00e4nda Sportkontot kan den registrerade f\u00e5 tillg\u00e5ng till olika idrotts- och motionsrelaterade tj\u00e4nster som t\u00e4vlingslicenser, f\u00f6rs\u00e4kringar, f\u00f6reningens produkter och tj\u00e4nster samt anm\u00e4la sig till olika evenemang. Sportkontot g\u00f6r det m\u00f6jligt f\u00f6r en person att hantera sin egen och sina v\u00e5rdades idrottsaktiviteter via webbplatsen och mobilappen.<\/p>\n<\/li>\n<\/ol>\n<p class=\"\" data-start=\"1387\" data-end=\"1710\"><strong data-start=\"1387\" data-end=\"1411\">INSAMLAD INFORMATION<\/strong><br data-start=\"1411\" data-end=\"1414\" \/>Suomisport Sportkonto samlar in f\u00f6ljande personuppgifter: namn, personnummer, nationalitet, telefonnummer, e-postadress och postadress. Om den registrerade sk\u00f6ter \u00e4renden f\u00f6r sin v\u00e5rdnadshavares r\u00e4kning p\u00e5 Suomisport-tj\u00e4nsten, samlar Suomisport ocks\u00e5 in motsvarande uppgifter f\u00f6r v\u00e5rdnadshavaren.<\/p>\n<ol start=\"5\" data-start=\"1712\" data-end=\"2700\">\n<li class=\"\" data-start=\"1712\" data-end=\"2326\">\n<p class=\"\" data-start=\"1715\" data-end=\"2326\"><strong data-start=\"1715\" data-end=\"1779\">Grund f\u00f6r att ge personnummer och anv\u00e4ndning av personnummer<\/strong><br data-start=\"1779\" data-end=\"1782\" \/>Personnummer anv\u00e4nds vid kontoskapandet enbart som identifiering, vilket g\u00f6r det m\u00f6jligt f\u00f6r varje anv\u00e4ndare att f\u00e5 ett personligt Sport-ID och Sportkonto. Insamling av personnummer f\u00f6r identifiering \u00e4r n\u00f6dv\u00e4ndig och laglig inom tj\u00e4nsten.<br data-start=\"2020\" data-end=\"2023\" \/>Vid skapandet av Sportkonto vidarebefordras eller behandlas inte personnumret av Suomisport-tj\u00e4nsten. Tj\u00e4nstens databehandlare ser inte och behandlar inte de registrerades personnummer. Personnumret visas endast vid behov f\u00f6r huvudadministrat\u00f6ren av Suomisport-tj\u00e4nsten f\u00f6r att r\u00e4tta till felaktigheter.<\/p>\n<\/li>\n<li class=\"\" data-start=\"2328\" data-end=\"2536\">\n<p class=\"\" data-start=\"2331\" data-end=\"2536\"><strong data-start=\"2331\" data-end=\"2379\">Behandling och anv\u00e4ndning av personuppgifter<\/strong><br data-start=\"2379\" data-end=\"2382\" \/><strong data-start=\"2382\" data-end=\"2430\">ANV\u00c4NDNING AV PERSONUPPGIFTER F\u00d6R SPORTKONTO<\/strong><br data-start=\"2430\" data-end=\"2433\" \/>\u00d6stra Nylands Idrottsakademi anv\u00e4nder medlemmarnas personuppgifter huvudsakligen f\u00f6r f\u00f6ljande syften:<\/p>\n<\/li>\n<li class=\"\" data-start=\"2538\" data-end=\"2700\">\n<p class=\"\" data-start=\"2541\" data-end=\"2700\"><strong data-start=\"2541\" data-end=\"2567\">Administrationsverktyg<\/strong><br data-start=\"2567\" data-end=\"2570\" \/>F\u00f6reningen anv\u00e4nder medlemmarnas personuppgifter f\u00f6r att organisera f\u00f6reningens administration och verksamhet. Detta inkluderar:<\/p>\n<\/li>\n<\/ol>\n<ul data-start=\"2701\" data-end=\"3180\">\n<li class=\"\" data-start=\"2701\" data-end=\"2850\">\n<p class=\"\" data-start=\"2703\" data-end=\"2850\">Underh\u00e5ll av medlemsregistret: Grundl\u00e4ggande medlemsuppgifter som namn, kontaktinformation och medlemsavgifter lagras och uppdateras regelbundet.<\/p>\n<\/li>\n<li class=\"\" data-start=\"2851\" data-end=\"3072\">\n<p class=\"\" data-start=\"2853\" data-end=\"3072\">Informationsspridning och kommunikation: Medlemmarna f\u00e5r nyhetsbrev, meddelanden och annan information som r\u00f6r medlemskapet, s\u00e5som kommande evenemang, t\u00e4vlingar, tr\u00e4ningsm\u00f6jligheter och andra tj\u00e4nster fr\u00e5n f\u00f6reningen.<\/p>\n<\/li>\n<li class=\"\" data-start=\"3073\" data-end=\"3180\">\n<p class=\"\" data-start=\"3075\" data-end=\"3180\">Fakturering och betalning: Behandling och betalning av medlemsavgifter sker med hj\u00e4lp av personuppgifter.<\/p>\n<\/li>\n<\/ul>\n<ol start=\"2\" data-start=\"3182\" data-end=\"3332\">\n<li class=\"\" data-start=\"3182\" data-end=\"3332\">\n<p class=\"\" data-start=\"3185\" data-end=\"3332\"><strong data-start=\"3185\" data-end=\"3201\">Gruppverktyg<\/strong><br data-start=\"3201\" data-end=\"3204\" \/>F\u00f6reningen anv\u00e4nder gruppverktyg f\u00f6r att hantera medlemmarnas deltagande och organisera verksamheten. Uppgifter kan inkludera:<\/p>\n<\/li>\n<\/ol>\n<ul data-start=\"3333\" data-end=\"3853\">\n<li class=\"\" data-start=\"3333\" data-end=\"3476\">\n<p class=\"\" data-start=\"3335\" data-end=\"3476\">Skapande och hantering av grupper: Medlemmar kan tilldelas olika grupper, till exempel tr\u00e4ningsgrupper eller t\u00e4vlings- och tr\u00e4ningsgrupper.<\/p>\n<\/li>\n<li class=\"\" data-start=\"3477\" data-end=\"3626\">\n<p class=\"\" data-start=\"3479\" data-end=\"3626\">Deltagande och roller: F\u00f6reningen kan offentligg\u00f6ra medlemmars namn och kontaktinformation i grupper n\u00e4r det \u00e4r n\u00f6dv\u00e4ndigt f\u00f6r gruppens funktion.<\/p>\n<\/li>\n<li class=\"\" data-start=\"3627\" data-end=\"3751\">\n<p class=\"\" data-start=\"3629\" data-end=\"3751\">I tr\u00e4ningsgrupper kan deltagarnas namn publiceras f\u00f6r gruppmedlemmar och tr\u00e4nare f\u00f6r att underl\u00e4tta informationsdelning.<\/p>\n<\/li>\n<li class=\"\" data-start=\"3752\" data-end=\"3853\">\n<p class=\"\" data-start=\"3754\" data-end=\"3853\">I vuxentr\u00e4ningsgrupper publiceras deltagarnas namn vanligtvis inte f\u00f6r att skydda deras integritet.<\/p>\n<\/li>\n<\/ul>\n<ol start=\"3\" data-start=\"3855\" data-end=\"3974\">\n<li class=\"\" data-start=\"3855\" data-end=\"3974\">\n<p class=\"\" data-start=\"3858\" data-end=\"3974\"><strong data-start=\"3858\" data-end=\"3880\">Utvecklingsverktyg<\/strong><br data-start=\"3880\" data-end=\"3883\" \/>F\u00f6reningen anv\u00e4nder personuppgifter f\u00f6r att utveckla f\u00f6reningens verksamhet och tj\u00e4nster:<\/p>\n<\/li>\n<\/ol>\n<ul data-start=\"3975\" data-end=\"4372\">\n<li class=\"\" data-start=\"3975\" data-end=\"4195\">\n<p class=\"\" data-start=\"3977\" data-end=\"4195\">Insamling och analys av medlemsfeedback: F\u00f6reningen kan be medlemmarna om feedback om verksamheten, tr\u00e4ningarna och evenemang. Denna information hj\u00e4lper f\u00f6reningen att utvecklas och f\u00f6rb\u00e4ttra medlemmarnas upplevelse.<\/p>\n<\/li>\n<li class=\"\" data-start=\"4196\" data-end=\"4372\">\n<p class=\"\" data-start=\"4198\" data-end=\"4372\">Medlemmarnas behov och intressen: Med hj\u00e4lp av insamlade data kan f\u00f6reningen erbjuda mer skr\u00e4ddarsydda tj\u00e4nster, s\u00e5som specialiserade tr\u00e4ningsprogram eller nya idrottsformer.<\/p>\n<\/li>\n<\/ul>\n<ol start=\"4\" data-start=\"4374\" data-end=\"4546\">\n<li class=\"\" data-start=\"4374\" data-end=\"4546\">\n<p class=\"\" data-start=\"4377\" data-end=\"4546\"><strong data-start=\"4377\" data-end=\"4433\">Skydd av privatliv och offentligg\u00f6rande av uppgifter<\/strong><br data-start=\"4433\" data-end=\"4436\" \/>F\u00f6reningen \u00e5tar sig att skydda medlemmarnas integritet och s\u00e4kerst\u00e4lla att personuppgifter behandlas s\u00e4kert.<\/p>\n<\/li>\n<\/ol>\n<ul data-start=\"4547\" data-end=\"5028\">\n<li class=\"\" data-start=\"4547\" data-end=\"4842\">\n<p class=\"\" data-start=\"4549\" data-end=\"4842\">Delning av information inom grupper: F\u00f6reningen fastst\u00e4ller n\u00e4r och hur medlemmarnas uppgifter kan delas med andra gruppmedlemmar. Detta kan inneb\u00e4ra att deltagarnas namn i tr\u00e4ningsgrupper endast publiceras f\u00f6r medlemmar i den gruppen, men att namn i vuxentr\u00e4ningsgrupper inte \u00e4r offentliga.<\/p>\n<\/li>\n<li class=\"\" data-start=\"4843\" data-end=\"5028\">\n<p class=\"\" data-start=\"4845\" data-end=\"5028\">Anv\u00e4ndning av personuppgifter begr\u00e4nsas till det som \u00e4r n\u00f6dv\u00e4ndigt: Personuppgifter publiceras eller delas inte med externa parter utan medlemmens samtycke, om det inte \u00e4r lagstadgat.<\/p>\n<\/li>\n<\/ul>\n<ol start=\"5\" data-start=\"5030\" data-end=\"5297\">\n<li class=\"\" data-start=\"5030\" data-end=\"5297\">\n<p class=\"\" data-start=\"5033\" data-end=\"5297\"><strong data-start=\"5033\" data-end=\"5073\">Informationsspridning och meddelande<\/strong><br data-start=\"5073\" data-end=\"5076\" \/>F\u00f6reningen anv\u00e4nder medlemmarnas uppgifter f\u00f6r att informera om evenemang och t\u00e4vlingar, samt f\u00f6r att marknadsf\u00f6ra medlemsf\u00f6rm\u00e5ner och specialerbjudanden. Medlemmar informeras endast om detta om de har gett sitt samtycke.<\/p>\n<\/li>\n<\/ol>\n<p class=\"\" data-start=\"5299\" data-end=\"5553\"><strong data-start=\"5299\" data-end=\"5318\">Sammanfattning:<\/strong><br data-start=\"5318\" data-end=\"5321\" \/>\u00d6stra Nylands Idrottsakademi behandlar medlemmarnas personuppgifter noggrant och s\u00e4kert. F\u00f6reningen har fastst\u00e4llda riktlinjer f\u00f6r n\u00e4r och hur information delas inom grupper och anv\u00e4nds f\u00f6r administration och utveckling av tj\u00e4nster.<\/p>","protected":false},"excerpt":{"rendered":"<p>REGISTERBESKRIVNING F\u00d6R BEHANDLING AV PERSONUPPGIFTER RegistreringsansvarigNamn: \u00d6stra Nylands IdrottsakademiAdress: Sannaistenkatu 8, 06100 Borg\u00e5 Kontaktperson f\u00f6r registreringsfr\u00e5gorNamn: Sanna T\u00f6rnroos, sanna.tornroos@iuakatemia.fiWebbplats: https:\/\/iuakatemia.fi\/ Registreringens namnSuomisport-tj\u00e4nstens \u00d6stra Nylands Idrottsakademis egna register.Denna integritetspolicy g\u00e4ller Suomisport-tj\u00e4nsten och den information om Sportkonton som behandlas av f\u00f6reningen. Denna integritetspolicy beskriver hur f\u00f6reningen behandlar personuppgifter f\u00f6r Sportkonton som registrerade personer. Registreringens beskrivningSuomisport \u00e4r en <a href=\"https:\/\/iuakatemia.fi\/sv\/rekisteriseloste\/\" rel=\"nofollow\"><span class=\"sr-only\">L\u00e4s mer om Registerbeskrivning<\/span>[&#8230;]<\/a><\/p>\n","protected":false},"author":2,"featured_media":0,"parent":0,"menu_order":0,"comment_status":"closed","ping_status":"closed","template":"","meta":{"footnotes":""},"class_list":["post-2131","page","type-page","status-publish","hentry"],"_links":{"self":[{"href":"https:\/\/iuakatemia.fi\/sv\/wp-json\/wp\/v2\/pages\/2131","targetHints":{"allow":["GET"]}}],"collection":[{"href":"https:\/\/iuakatemia.fi\/sv\/wp-json\/wp\/v2\/pages"}],"about":[{"href":"https:\/\/iuakatemia.fi\/sv\/wp-json\/wp\/v2\/types\/page"}],"author":[{"embeddable":true,"href":"https:\/\/iuakatemia.fi\/sv\/wp-json\/wp\/v2\/users\/2"}],"replies":[{"embeddable":true,"href":"https:\/\/iuakatemia.fi\/sv\/wp-json\/wp\/v2\/comments?post=2131"}],"version-history":[{"count":2,"href":"https:\/\/iuakatemia.fi\/sv\/wp-json\/wp\/v2\/pages\/2131\/revisions"}],"predecessor-version":[{"id":2144,"href":"https:\/\/iuakatemia.fi\/sv\/wp-json\/wp\/v2\/pages\/2131\/revisions\/2144"}],"wp:attachment":[{"href":"https:\/\/iuakatemia.fi\/sv\/wp-json\/wp\/v2\/media?parent=2131"}],"curies":[{"name":"wp","href":"https:\/\/api.w.org\/{rel}","templated":true}]}}