{"id":204,"date":"2017-01-09T16:32:58","date_gmt":"2017-01-09T16:32:58","guid":{"rendered":"http:\/\/iuakatemia.fi\/?page_id=204"},"modified":"2017-02-20T16:41:12","modified_gmt":"2017-02-20T14:41:12","slug":"ajankohtaista","status":"publish","type":"page","link":"https:\/\/iuakatemia.fi\/sv\/ajankohtaista\/","title":{"rendered":"Aktuellt"},"content":{"rendered":"\n\n<div class=\"su-posts su-posts-default-loop \">\n\n\t\n\t\t\t\t\t\n\t\t\t\n\t\t\t<div id=\"su-post-2180\" class=\"su-post \">\n\n\t\t\t\t\t\t\t\t\t<a class=\"su-post-thumbnail\" href=\"https:\/\/iuakatemia.fi\/sv\/ita-uudenmaan-urheiluakatemian-haku-lahestyy\/\"><img loading=\"lazy\" decoding=\"async\" width=\"250\" height=\"250\" src=\"https:\/\/iuakatemia.fi\/wp-content\/uploads\/2026\/01\/IMG_6636-250x250.jpg\" class=\"attachment-post-thumbnail size-post-thumbnail wp-post-image\" alt=\"\" srcset=\"https:\/\/iuakatemia.fi\/wp-content\/uploads\/2026\/01\/IMG_6636-250x250.jpg 250w, https:\/\/iuakatemia.fi\/wp-content\/uploads\/2026\/01\/IMG_6636-150x150.jpg 150w, https:\/\/iuakatemia.fi\/wp-content\/uploads\/2026\/01\/IMG_6636-174x174.jpg 174w\" sizes=\"auto, (max-width: 250px) 100vw, 250px\" \/><\/a>\n\t\t\t\t\n\t\t\t\t<h2 class=\"su-post-title\"><a href=\"https:\/\/iuakatemia.fi\/sv\/ita-uudenmaan-urheiluakatemian-haku-lahestyy\/\">Ans\u00f6kan till Idrottsakademin i \u00d6stra Nyland n\u00e4rmar sig!<\/a><\/h2>\n\n\t\t\t\t<div class=\"su-post-meta\">\n\t\t\t\t\tPosted: 15.01.2026\t\t\t\t<\/div>\n\n\t\t\t\t<div class=\"su-post-excerpt\">\n\t\t\t\t\t<p>Ans\u00f6kan till Idrottsakademin i \u00d6stra Nyland n\u00e4rmar sig! Ans\u00f6kningstiden \u00e4r 17.2\u201317.3.2026 och ans\u00f6kan sker via SuomiSport. Mer information om ans\u00f6kan finns p\u00e5 webbplatsens \u00f6vre meny under Ans\u00f6kan till idrottsakademin eller genom att kontakta idrottsakademins koordinator Sanna T\u00f6rnroos.<\/p>\n\t\t\t\t<\/div>\n\n\t\t\t\t\n\t\t\t<\/div>\n\n\t\t\n\t\n<\/div>\n\n","protected":false},"excerpt":{"rendered":"","protected":false},"author":1,"featured_media":0,"parent":0,"menu_order":0,"comment_status":"closed","ping_status":"closed","template":"template-fullwidth.php","meta":{"footnotes":""},"class_list":["post-204","page","type-page","status-publish","hentry"],"_links":{"self":[{"href":"https:\/\/iuakatemia.fi\/sv\/wp-json\/wp\/v2\/pages\/204","targetHints":{"allow":["GET"]}}],"collection":[{"href":"https:\/\/iuakatemia.fi\/sv\/wp-json\/wp\/v2\/pages"}],"about":[{"href":"https:\/\/iuakatemia.fi\/sv\/wp-json\/wp\/v2\/types\/page"}],"author":[{"embeddable":true,"href":"https:\/\/iuakatemia.fi\/sv\/wp-json\/wp\/v2\/users\/1"}],"replies":[{"embeddable":true,"href":"https:\/\/iuakatemia.fi\/sv\/wp-json\/wp\/v2\/comments?post=204"}],"version-history":[{"count":4,"href":"https:\/\/iuakatemia.fi\/sv\/wp-json\/wp\/v2\/pages\/204\/revisions"}],"predecessor-version":[{"id":452,"href":"https:\/\/iuakatemia.fi\/sv\/wp-json\/wp\/v2\/pages\/204\/revisions\/452"}],"wp:attachment":[{"href":"https:\/\/iuakatemia.fi\/sv\/wp-json\/wp\/v2\/media?parent=204"}],"curies":[{"name":"wp","href":"https:\/\/api.w.org\/{rel}","templated":true}]}}