{"id":15,"date":"2016-10-04T09:42:16","date_gmt":"2016-10-04T09:42:16","guid":{"rendered":"http:\/\/iuakatemia.fi\/?page_id=15"},"modified":"2025-03-27T16:54:11","modified_gmt":"2025-03-27T14:54:11","slug":"yhteystiedot","status":"publish","type":"page","link":"https:\/\/iuakatemia.fi\/sv\/yhteystiedot\/","title":{"rendered":"Idrottsakademin i \u00f6stra Nyland"},"content":{"rendered":"<article class=\"w-full text-token-text-primary\" dir=\"auto\" data-testid=\"conversation-turn-28\" data-scroll-anchor=\"false\">\n<div class=\"text-base my-auto mx-auto py-5 px-6\">\n<div class=\"mx-auto flex flex-1 text-base gap-4 md:gap-5 lg:gap-6 md:max-w-3xl group\/turn-messages focus-visible:outline-none\" tabindex=\"-1\">\n<div class=\"group\/conversation-turn relative flex w-full min-w-0 flex-col agent-turn @xs\/thread:px-0 @sm\/thread:px-1.5 @md\/thread:px-4\">\n<div class=\"relative flex-col gap-1 md:gap-3\">\n<div class=\"flex max-w-full flex-col flex-grow\">\n<div class=\"min-h-8 text-message relative flex w-full flex-col items-end gap-2 whitespace-normal break-words text-start [.text-message+&amp;]:mt-5\" dir=\"auto\" data-message-author-role=\"assistant\" data-message-id=\"65ccb952-f33b-46f2-8921-00b7422fba77\" data-message-model-slug=\"gpt-4o-mini\">\n<div class=\"flex w-full flex-col gap-1 empty:hidden first:pt-[3px]\">\n<div class=\"markdown prose w-full break-words dark:prose-invert light\">\n<p class=\"\" data-start=\"0\" data-end=\"306\"><strong data-start=\"0\" data-end=\"34\" data-is-only-node=\"\">Idrottsakademin i \u00d6stra Nyland<\/strong> \u00e4r en regional idrottsakademi som erbjuder m\u00e5ngsidiga tr\u00e4nings- och st\u00f6dtj\u00e4nster f\u00f6r idrottare inom olika sporter. Akademins m\u00e5l \u00e4r att st\u00f6dja unga idrottare i deras sportsliga och akademiska utveckling, samtidigt som den ger m\u00f6jligheter att utvecklas till elitidrottare.<\/p>\n<\/div>\n<\/div>\n<\/div>\n<\/div>\n<div class=\"flex absolute left-0 right-0 flex justify-start\">\n<div class=\"-me-1 -ms-2.5 flex select-none items-center p-1 touch:-me-2 touch:-ms-3.5 -mt-1 focus-within:transition-none hover:transition-none duration-500 group-hover\/turn-messages:delay-300 pointer-events-none [mask-image:linear-gradient(to_right,black_33%,transparent_66%)] [mask-position:100%_0%] [mask-size:300%_100%] motion-safe:transition-[mask-position] group-hover\/turn-messages:pointer-events-auto group-hover\/turn-messages:[mask-position:0_0] group-focus-within\/turn-messages:pointer-events-auto group-focus-within\/turn-messages:[mask-position:0_0] has-[[data-state=open]]:pointer-events-auto has-[[data-state=open]]:[mask-position:0_0]\"><\/div>\n<\/div>\n<\/div>\n<div class=\"absolute\">\n<div class=\"flex items-center justify-center\"><\/div>\n<\/div>\n<\/div>\n<\/div>\n<\/div>\n<\/article>\n<article class=\"w-full text-token-text-primary\" dir=\"auto\" data-testid=\"conversation-turn-29\" data-scroll-anchor=\"false\">\n<h5 class=\"sr-only\"><\/h5>\n<\/article>","protected":false},"excerpt":{"rendered":"<p>Idrottsakademin i \u00d6stra Nyland \u00e4r en regional idrottsakademi som erbjuder m\u00e5ngsidiga tr\u00e4nings- och st\u00f6dtj\u00e4nster f\u00f6r idrottare inom olika sporter. Akademins m\u00e5l \u00e4r att st\u00f6dja unga idrottare i deras sportsliga och akademiska utveckling, samtidigt som den ger m\u00f6jligheter att utvecklas till elitidrottare.<\/p>\n","protected":false},"author":1,"featured_media":0,"parent":0,"menu_order":0,"comment_status":"closed","ping_status":"closed","template":"template-fullwidth.php","meta":{"footnotes":""},"class_list":["post-15","page","type-page","status-publish","hentry"],"_links":{"self":[{"href":"https:\/\/iuakatemia.fi\/sv\/wp-json\/wp\/v2\/pages\/15","targetHints":{"allow":["GET"]}}],"collection":[{"href":"https:\/\/iuakatemia.fi\/sv\/wp-json\/wp\/v2\/pages"}],"about":[{"href":"https:\/\/iuakatemia.fi\/sv\/wp-json\/wp\/v2\/types\/page"}],"author":[{"embeddable":true,"href":"https:\/\/iuakatemia.fi\/sv\/wp-json\/wp\/v2\/users\/1"}],"replies":[{"embeddable":true,"href":"https:\/\/iuakatemia.fi\/sv\/wp-json\/wp\/v2\/comments?post=15"}],"version-history":[{"count":20,"href":"https:\/\/iuakatemia.fi\/sv\/wp-json\/wp\/v2\/pages\/15\/revisions"}],"predecessor-version":[{"id":2150,"href":"https:\/\/iuakatemia.fi\/sv\/wp-json\/wp\/v2\/pages\/15\/revisions\/2150"}],"wp:attachment":[{"href":"https:\/\/iuakatemia.fi\/sv\/wp-json\/wp\/v2\/media?parent=15"}],"curies":[{"name":"wp","href":"https:\/\/api.w.org\/{rel}","templated":true}]}}